{"id":6563,"date":"2020-07-02T15:27:37","date_gmt":"2020-07-02T13:27:37","guid":{"rendered":"https:\/\/www.csbmarine.com\/ils-parlent-de-nous\/"},"modified":"2020-10-01T10:18:57","modified_gmt":"2020-10-01T08:18:57","slug":"%d0%be-%d0%bd%d0%b0%d1%81-%d0%b3%d0%be%d0%b2%d0%be%d1%80%d1%8f%d1%82","status":"publish","type":"page","link":"https:\/\/www.csbmarine.com\/ru\/%d0%be-%d0%bd%d0%b0%d1%81-%d0%b3%d0%be%d0%b2%d0%be%d1%80%d1%8f%d1%82\/","title":{"rendered":"\u041e \u043d\u0430\u0441 \u0433\u043e\u0432\u043e\u0440\u044f\u0442"},"content":{"rendered":"<div dir=\"auto\">Encore un grand bravo pour cette livraison et la pr\u00e9paration du bateau<br \/>\ntout comme pour le conseil que vous nous avez apportez pour faire le<br \/>\nchoix. nous somme 100% satisfait de ce choix et notre premi\u00e8re mini<br \/>\ncroisi\u00e8re de deux jours vers saint Tropez nous a d\u00e9montr\u00e9 tout le<br \/>\npotentiel et l&#8217;agr\u00e9ment de ce Gal\u00e9on 400 FLY. Nous avions une mer<br \/>\nd&#8217;huile pour l&#8217;aller et une mer form\u00e9e avec des vents forts et vagues<br \/>\ncontraires pour le retour et la navigation est tr\u00e8s agr\u00e9able et<br \/>\ns\u00e9curisante dans toutes les conditions.Et cerise sur le g\u00e2teau nous n&#8217;avons rencontr\u00e9 aucun soucis durant ces 7<br \/>\npremi\u00e8res heures de navigation\u00a0 et sur le fonctionnement g\u00e9n\u00e9ral. Donc<br \/>\nbravo aussi aux \u00e9quipes pour la qualit\u00e9 de pr\u00e9paration.tr\u00e8s cordialement<\/p>\n<div dir=\"auto\">Encore un grand bravo pour cette livraison et la pr\u00e9paration du bateau<br \/>\ntout comme pour le conseil que vous nous avez apportez pour faire le<br \/>\nchoix. nous somme 100% satisfait de ce choix et notre premi\u00e8re mini<br \/>\ncroisi\u00e8re de deux jours vers saint Tropez nous a d\u00e9montr\u00e9 tout le<br \/>\npotentiel et l&#8217;agr\u00e9ment de ce Gal\u00e9on 400 FLY. Nous avions une mer<br \/>\nd&#8217;huile pour l&#8217;aller et une mer form\u00e9e avec des vents forts et vagues<br \/>\ncontraires pour le retour et la navigation est tr\u00e8s agr\u00e9able et<br \/>\ns\u00e9curisante dans toutes les conditions.Et cerise sur le g\u00e2teau nous n&#8217;avons rencontr\u00e9 aucun soucis durant ces 7<br \/>\npremi\u00e8res heures de navigation\u00a0 et sur le fonctionnement g\u00e9n\u00e9ral. Donc<br \/>\nbravo aussi aux \u00e9quipes pour la qualit\u00e9 de pr\u00e9paration.tr\u00e8s cordialement<\/p>\n<div dir=\"auto\">Encore un grand bravo pour cette livraison et la pr\u00e9paration du bateau<br \/>\ntout comme pour le conseil que vous nous avez apportez pour faire le<br \/>\nchoix. nous somme 100% satisfait de ce choix et notre premi\u00e8re mini<br \/>\ncroisi\u00e8re de deux jours vers saint Tropez nous a d\u00e9montr\u00e9 tout le<br \/>\npotentiel et l&#8217;agr\u00e9ment de ce Gal\u00e9on 400 FLY. Nous avions une mer<br \/>\nd&#8217;huile pour l&#8217;aller et une mer form\u00e9e avec des vents forts et vagues<br \/>\ncontraires pour le retour et la navigation est tr\u00e8s agr\u00e9able et<br \/>\ns\u00e9curisante dans toutes les conditions.Et cerise sur le g\u00e2teau nous n&#8217;avons rencontr\u00e9 aucun soucis durant ces 7<br \/>\npremi\u00e8res heures de navigation\u00a0 et sur le fonctionnement g\u00e9n\u00e9ral. Donc<br \/>\nbravo aussi aux \u00e9quipes pour la qualit\u00e9 de pr\u00e9paration.tr\u00e8s cordialement<\/p>\n<div dir=\"auto\">Encore un grand bravo pour cette livraison et la pr\u00e9paration du bateau<br \/>\ntout comme pour le conseil que vous nous avez apportez pour faire le<br \/>\nchoix. nous somme 100% satisfait de ce choix et notre premi\u00e8re mini<br \/>\ncroisi\u00e8re de deux jours vers saint Tropez nous a d\u00e9montr\u00e9 tout le<br \/>\npotentiel et l&#8217;agr\u00e9ment de ce Gal\u00e9on 400 FLY. Nous avions une mer<br \/>\nd&#8217;huile pour l&#8217;aller et une mer form\u00e9e avec des vents forts et vagues<br \/>\ncontraires pour le retour et la navigation est tr\u00e8s agr\u00e9able et<br \/>\ns\u00e9curisante dans toutes les conditions.Et cerise sur le g\u00e2teau nous n&#8217;avons rencontr\u00e9 aucun soucis durant ces 7<br \/>\npremi\u00e8res heures de navigation\u00a0 et sur le fonctionnement g\u00e9n\u00e9ral. Donc<br \/>\nbravo aussi aux \u00e9quipes pour la qualit\u00e9 de pr\u00e9paration.tr\u00e8s cordialement<\/p>\n<div dir=\"auto\">Bonsoir Michel,<\/div>\n<div dir=\"auto\"><\/div>\n<div dir=\"auto\">Voici le commentaire de Arnold concernant le 400 fly voir pour le mettre sur le site<\/div>\n<div dir=\"auto\"><\/div>\n<div dir=\"auto\">Bonne soir\u00e9e.<\/div>\n<div dir=\"auto\"><\/div>\n<div dir=\"auto\">Thomas.<\/div>\n<div dir=\"auto\"><\/div>\n<div dir=\"auto\"><\/div>\n<div dir=\"auto\">Encore un grand bravo pour cette livraison et la pr\u00e9paration du bateau<br \/>\ntout comme pour le conseil que vous nous avez apportez pour faire le<br \/>\nchoix. nous somme 100% satisfait de ce choix et notre premi\u00e8re mini<br \/>\ncroisi\u00e8re de deux jours vers saint Tropez nous a d\u00e9montr\u00e9 tout le<br \/>\npotentiel et l&#8217;agr\u00e9ment de ce Gal\u00e9on 400 FLY. Nous avions une mer<br \/>\nd&#8217;huile pour l&#8217;aller et une mer form\u00e9e avec des vents forts et vagues<br \/>\ncontraires pour le retour et la navigation est tr\u00e8s agr\u00e9able et<br \/>\ns\u00e9curisante dans toutes les conditions.Et cerise sur le g\u00e2teau nous n&#8217;avons rencontr\u00e9 aucun soucis durant ces 7<br \/>\npremi\u00e8res heures de navigation\u00a0 et sur le fonctionnement g\u00e9n\u00e9ral. Donc<br \/>\nbravo aussi aux \u00e9quipes pour la qualit\u00e9 de pr\u00e9paration.tr\u00e8s cordialement<\/p>\n<\/div>\n<\/div>\n<\/div>\n<\/div>\n<\/div>\n","protected":false},"excerpt":{"rendered":"<p>Encore un grand bravo pour cette livraison et la pr\u00e9paration du bateau tout comme pour le conseil que vous nous avez apportez pour faire le choix. nous somme 100% satisfait de ce choix et notre premi\u00e8re mini croisi\u00e8re de deux<span class=\"ellipsis\">&hellip;<\/span> <a href=\"https:\/\/www.csbmarine.com\/ru\/%d0%be-%d0%bd%d0%b0%d1%81-%d0%b3%d0%be%d0%b2%d0%be%d1%80%d1%8f%d1%82\/\"><\/p>\n<div class=\"read-more\">Read more &#8250;<\/div>\n<p><!-- end of .read-more --><\/a><\/p>\n","protected":false},"author":1,"featured_media":0,"parent":0,"menu_order":0,"comment_status":"closed","ping_status":"closed","template":"","meta":[],"yoast_head":"<!-- This site is optimized with the Yoast SEO plugin v15.9.1 - https:\/\/yoast.com\/wordpress\/plugins\/seo\/ -->\n<title>\u041e \u043d\u0430\u0441 \u0433\u043e\u0432\u043e\u0440\u044f\u0442 -<\/title>\n<meta name=\"robots\" content=\"index, follow, max-snippet:-1, max-image-preview:large, max-video-preview:-1\" \/>\n<link rel=\"canonical\" href=\"https:\/\/www.csbmarine.com\/ru\/\u043e-\u043d\u0430\u0441-\u0433\u043e\u0432\u043e\u0440\u044f\u0442\/\" \/>\n<meta property=\"og:locale\" content=\"ru_RU\" \/>\n<meta property=\"og:type\" content=\"article\" \/>\n<meta property=\"og:title\" content=\"\u041e \u043d\u0430\u0441 \u0433\u043e\u0432\u043e\u0440\u044f\u0442 -\" \/>\n<meta property=\"og:description\" content=\"Encore un grand bravo pour cette livraison et la pr\u00e9paration du bateau tout comme pour le conseil que vous nous avez apportez pour faire le choix. nous somme 100% satisfait de ce choix et notre premi\u00e8re mini croisi\u00e8re de deux&hellip; Read more &#8250;\" \/>\n<meta property=\"og:url\" content=\"https:\/\/www.csbmarine.com\/ru\/\u043e-\u043d\u0430\u0441-\u0433\u043e\u0432\u043e\u0440\u044f\u0442\/\" \/>\n<meta property=\"og:site_name\" content=\"CSB Marine\" \/>\n<meta property=\"article:modified_time\" content=\"2020-10-01T08:18:57+00:00\" \/>\n<meta name=\"twitter:card\" content=\"summary_large_image\" \/>\n<meta name=\"twitter:label1\" content=\"\u041f\u0440\u0438\u043c\u0435\u0440\u043d\u043e\u0435 \u0432\u0440\u0435\u043c\u044f \u0434\u043b\u044f \u0447\u0442\u0435\u043d\u0438\u044f\">\n\t<meta name=\"twitter:data1\" content=\"4 \u043c\u0438\u043d\u0443\u0442\u044b\">\n<script type=\"application\/ld+json\" class=\"yoast-schema-graph\">{\"@context\":\"https:\/\/schema.org\",\"@graph\":[{\"@type\":\"Organization\",\"@id\":\"https:\/\/www.csbmarine.com\/#organization\",\"name\":\"CSB MARINE\",\"url\":\"https:\/\/www.csbmarine.com\/\",\"sameAs\":[],\"logo\":{\"@type\":\"ImageObject\",\"@id\":\"https:\/\/www.csbmarine.com\/#logo\",\"inLanguage\":\"ru-RU\",\"url\":\"https:\/\/www.csbmarine.com\/wp-content\/uploads\/2021\/03\/CSBMARINE.jpeg\",\"width\":225,\"height\":225,\"caption\":\"CSB MARINE\"},\"image\":{\"@id\":\"https:\/\/www.csbmarine.com\/#logo\"}},{\"@type\":\"WebSite\",\"@id\":\"https:\/\/www.csbmarine.com\/#website\",\"url\":\"https:\/\/www.csbmarine.com\/\",\"name\":\"CSB Marine\",\"description\":\"Regal gal\\u00e9on \",\"publisher\":{\"@id\":\"https:\/\/www.csbmarine.com\/#organization\"},\"potentialAction\":[{\"@type\":\"SearchAction\",\"target\":\"https:\/\/www.csbmarine.com\/?s={search_term_string}\",\"query-input\":\"required name=search_term_string\"}],\"inLanguage\":\"ru-RU\"},{\"@type\":\"WebPage\",\"@id\":\"https:\/\/www.csbmarine.com\/ru\/%d0%be-%d0%bd%d0%b0%d1%81-%d0%b3%d0%be%d0%b2%d0%be%d1%80%d1%8f%d1%82\/#webpage\",\"url\":\"https:\/\/www.csbmarine.com\/ru\/%d0%be-%d0%bd%d0%b0%d1%81-%d0%b3%d0%be%d0%b2%d0%be%d1%80%d1%8f%d1%82\/\",\"name\":\"\\u041e \\u043d\\u0430\\u0441 \\u0433\\u043e\\u0432\\u043e\\u0440\\u044f\\u0442 -\",\"isPartOf\":{\"@id\":\"https:\/\/www.csbmarine.com\/#website\"},\"datePublished\":\"2020-07-02T13:27:37+00:00\",\"dateModified\":\"2020-10-01T08:18:57+00:00\",\"breadcrumb\":{\"@id\":\"https:\/\/www.csbmarine.com\/ru\/%d0%be-%d0%bd%d0%b0%d1%81-%d0%b3%d0%be%d0%b2%d0%be%d1%80%d1%8f%d1%82\/#breadcrumb\"},\"inLanguage\":\"ru-RU\",\"potentialAction\":[{\"@type\":\"ReadAction\",\"target\":[\"https:\/\/www.csbmarine.com\/ru\/%d0%be-%d0%bd%d0%b0%d1%81-%d0%b3%d0%be%d0%b2%d0%be%d1%80%d1%8f%d1%82\/\"]}]},{\"@type\":\"BreadcrumbList\",\"@id\":\"https:\/\/www.csbmarine.com\/ru\/%d0%be-%d0%bd%d0%b0%d1%81-%d0%b3%d0%be%d0%b2%d0%be%d1%80%d1%8f%d1%82\/#breadcrumb\",\"itemListElement\":[{\"@type\":\"ListItem\",\"position\":1,\"item\":{\"@type\":\"WebPage\",\"@id\":\"https:\/\/www.csbmarine.com\/ru\/\",\"url\":\"https:\/\/www.csbmarine.com\/ru\/\",\"name\":\"Accueil\"}},{\"@type\":\"ListItem\",\"position\":2,\"item\":{\"@type\":\"WebPage\",\"@id\":\"https:\/\/www.csbmarine.com\/ru\/%d0%be-%d0%bd%d0%b0%d1%81-%d0%b3%d0%be%d0%b2%d0%be%d1%80%d1%8f%d1%82\/\",\"url\":\"https:\/\/www.csbmarine.com\/ru\/%d0%be-%d0%bd%d0%b0%d1%81-%d0%b3%d0%be%d0%b2%d0%be%d1%80%d1%8f%d1%82\/\",\"name\":\"\\u041e \\u043d\\u0430\\u0441 \\u0433\\u043e\\u0432\\u043e\\u0440\\u044f\\u0442\"}}]}]}<\/script>\n<!-- \/ Yoast SEO plugin. -->","_links":{"self":[{"href":"https:\/\/www.csbmarine.com\/ru\/wp-json\/wp\/v2\/pages\/6563"}],"collection":[{"href":"https:\/\/www.csbmarine.com\/ru\/wp-json\/wp\/v2\/pages"}],"about":[{"href":"https:\/\/www.csbmarine.com\/ru\/wp-json\/wp\/v2\/types\/page"}],"author":[{"embeddable":true,"href":"https:\/\/www.csbmarine.com\/ru\/wp-json\/wp\/v2\/users\/1"}],"replies":[{"embeddable":true,"href":"https:\/\/www.csbmarine.com\/ru\/wp-json\/wp\/v2\/comments?post=6563"}],"version-history":[{"count":4,"href":"https:\/\/www.csbmarine.com\/ru\/wp-json\/wp\/v2\/pages\/6563\/revisions"}],"predecessor-version":[{"id":6640,"href":"https:\/\/www.csbmarine.com\/ru\/wp-json\/wp\/v2\/pages\/6563\/revisions\/6640"}],"wp:attachment":[{"href":"https:\/\/www.csbmarine.com\/ru\/wp-json\/wp\/v2\/media?parent=6563"}],"curies":[{"name":"wp","href":"https:\/\/api.w.org\/{rel}","templated":true}]}}