{"id":13853,"date":"2020-07-03T14:33:22","date_gmt":"2020-07-03T12:33:22","guid":{"rendered":"https:\/\/www.csbmarine.com\/?page_id=13853"},"modified":"2021-02-26T14:07:47","modified_gmt":"2021-02-26T13:07:47","slug":"why-parker","status":"publish","type":"page","link":"https:\/\/www.csbmarine.com\/en\/why-parker\/","title":{"rendered":"Parker boats"},"content":{"rendered":"","protected":false},"excerpt":{"rendered":"","protected":false},"author":1,"featured_media":0,"parent":0,"menu_order":0,"comment_status":"closed","ping_status":"closed","template":"","meta":[],"yoast_head":"<!-- This site is optimized with the Yoast SEO plugin v15.9.1 - https:\/\/yoast.com\/wordpress\/plugins\/seo\/ -->\n<title>Bateau Regal : Neuf ou Occasion - CSB Marine<\/title>\n<meta name=\"description\" content=\"La marque de bateau de plaisance Regal vous fait b\u00e9n\u00e9ficier de son savoir-faire \u00e0 travers les mod\u00e8les de navires qu\u2019elle vous propose chez CSB Marine.\" \/>\n<meta name=\"robots\" content=\"index, follow, max-snippet:-1, max-image-preview:large, max-video-preview:-1\" \/>\n<link rel=\"canonical\" href=\"https:\/\/www.csbmarine.com\/en\/why-parker\/\" \/>\n<meta property=\"og:locale\" content=\"en_US\" \/>\n<meta property=\"og:type\" content=\"article\" \/>\n<meta property=\"og:title\" content=\"Bateau Regal : Neuf ou Occasion - CSB Marine\" \/>\n<meta property=\"og:description\" content=\"La marque de bateau de plaisance Regal vous fait b\u00e9n\u00e9ficier de son savoir-faire \u00e0 travers les mod\u00e8les de navires qu\u2019elle vous propose chez CSB Marine.\" \/>\n<meta property=\"og:url\" content=\"https:\/\/www.csbmarine.com\/en\/why-parker\/\" \/>\n<meta property=\"og:site_name\" content=\"CSB Marine\" \/>\n<meta property=\"article:modified_time\" content=\"2021-02-26T13:07:47+00:00\" \/>\n<meta name=\"twitter:card\" content=\"summary_large_image\" \/>\n<script type=\"application\/ld+json\" class=\"yoast-schema-graph\">{\"@context\":\"https:\/\/schema.org\",\"@graph\":[{\"@type\":\"Organization\",\"@id\":\"https:\/\/www.csbmarine.com\/#organization\",\"name\":\"CSB MARINE\",\"url\":\"https:\/\/www.csbmarine.com\/\",\"sameAs\":[],\"logo\":{\"@type\":\"ImageObject\",\"@id\":\"https:\/\/www.csbmarine.com\/#logo\",\"inLanguage\":\"en-US\",\"url\":\"https:\/\/www.csbmarine.com\/wp-content\/uploads\/2021\/03\/CSBMARINE.jpeg\",\"width\":225,\"height\":225,\"caption\":\"CSB MARINE\"},\"image\":{\"@id\":\"https:\/\/www.csbmarine.com\/#logo\"}},{\"@type\":\"WebSite\",\"@id\":\"https:\/\/www.csbmarine.com\/#website\",\"url\":\"https:\/\/www.csbmarine.com\/\",\"name\":\"CSB Marine\",\"description\":\"Regal gal\\u00e9on \",\"publisher\":{\"@id\":\"https:\/\/www.csbmarine.com\/#organization\"},\"potentialAction\":[{\"@type\":\"SearchAction\",\"target\":\"https:\/\/www.csbmarine.com\/?s={search_term_string}\",\"query-input\":\"required name=search_term_string\"}],\"inLanguage\":\"en-US\"},{\"@type\":\"WebPage\",\"@id\":\"https:\/\/www.csbmarine.com\/en\/why-parker\/#webpage\",\"url\":\"https:\/\/www.csbmarine.com\/en\/why-parker\/\",\"name\":\"Bateau Regal : Neuf ou Occasion - CSB Marine\",\"isPartOf\":{\"@id\":\"https:\/\/www.csbmarine.com\/#website\"},\"datePublished\":\"2020-07-03T12:33:22+00:00\",\"dateModified\":\"2021-02-26T13:07:47+00:00\",\"description\":\"La marque de bateau de plaisance Regal vous fait b\\u00e9n\\u00e9ficier de son savoir-faire \\u00e0 travers les mod\\u00e8les de navires qu\\u2019elle vous propose chez CSB Marine.\",\"breadcrumb\":{\"@id\":\"https:\/\/www.csbmarine.com\/en\/why-parker\/#breadcrumb\"},\"inLanguage\":\"en-US\",\"potentialAction\":[{\"@type\":\"ReadAction\",\"target\":[\"https:\/\/www.csbmarine.com\/en\/why-parker\/\"]}]},{\"@type\":\"BreadcrumbList\",\"@id\":\"https:\/\/www.csbmarine.com\/en\/why-parker\/#breadcrumb\",\"itemListElement\":[{\"@type\":\"ListItem\",\"position\":1,\"item\":{\"@type\":\"WebPage\",\"@id\":\"https:\/\/www.csbmarine.com\/en\/\",\"url\":\"https:\/\/www.csbmarine.com\/en\/\",\"name\":\"Accueil\"}},{\"@type\":\"ListItem\",\"position\":2,\"item\":{\"@type\":\"WebPage\",\"@id\":\"https:\/\/www.csbmarine.com\/en\/why-parker\/\",\"url\":\"https:\/\/www.csbmarine.com\/en\/why-parker\/\",\"name\":\"Parker boats\"}}]}]}<\/script>\n<!-- \/ Yoast SEO plugin. -->","_links":{"self":[{"href":"https:\/\/www.csbmarine.com\/en\/wp-json\/wp\/v2\/pages\/13853"}],"collection":[{"href":"https:\/\/www.csbmarine.com\/en\/wp-json\/wp\/v2\/pages"}],"about":[{"href":"https:\/\/www.csbmarine.com\/en\/wp-json\/wp\/v2\/types\/page"}],"author":[{"embeddable":true,"href":"https:\/\/www.csbmarine.com\/en\/wp-json\/wp\/v2\/users\/1"}],"replies":[{"embeddable":true,"href":"https:\/\/www.csbmarine.com\/en\/wp-json\/wp\/v2\/comments?post=13853"}],"version-history":[{"count":7,"href":"https:\/\/www.csbmarine.com\/en\/wp-json\/wp\/v2\/pages\/13853\/revisions"}],"predecessor-version":[{"id":14094,"href":"https:\/\/www.csbmarine.com\/en\/wp-json\/wp\/v2\/pages\/13853\/revisions\/14094"}],"wp:attachment":[{"href":"https:\/\/www.csbmarine.com\/en\/wp-json\/wp\/v2\/media?parent=13853"}],"curies":[{"name":"wp","href":"https:\/\/api.w.org\/{rel}","templated":true}]}}